{"id":691,"date":"2023-01-13T12:44:01","date_gmt":"2023-01-13T11:44:01","guid":{"rendered":"https:\/\/www.rstfnet.dk\/wp\/?post_type=product&#038;p=691"},"modified":"2023-02-10T10:57:09","modified_gmt":"2023-02-10T09:57:09","slug":"opnaa-glaede-og-succes-i-arbejdslivet","status":"publish","type":"product","link":"https:\/\/www.rstfnet.dk\/wp\/produkt\/opnaa-glaede-og-succes-i-arbejdslivet\/","title":{"rendered":"OPN\u00c5 GL\u00c6DE OG SUCCES I ARBEJDSLIVET  &#8212;-  KURSET ER OVERTEGNET!"},"content":{"rendered":"<p>Faglig succes skal kunne ses og m\u00e6rkes i arbejdsgl\u00e6den, graden af frihed og p\u00e5 klinikkens bundlinje, s\u00e5 hvordan omstilles klinikken til den \u00f8gede konkurrence, mindre sygesikrings-tilskud, sk\u00e6rpede krav fra de offentlige myndigheder og \u00f8get prisfokus hos patienterne?<br \/>\nHvordan sikrer man, at klinikken kommer styrket gennem disse udfordringer med mindre arbejdspres, h\u00f8jere indtjening, st\u00f8rre arbejdsgl\u00e6de for hele teamet &#8211; og det p\u00e5 en m\u00e5de, s\u00e5 dine medarbejdere har lyst til at forblive en del af dit team.\u00a0<\/p>\n<p>KURSUSGIVER: JESPER HATT.<\/p>\n","protected":false},"excerpt":{"rendered":"<p>FREDAG, DEN 24. MARTS 2023 P\u00c5 HOTEL COMWELL, VESTRE KIRKEVEJ 12, ROSKILDE.<br \/>\nKURSET VARER FRA KL. 09:00 TIL KL. 17.<br \/>\nProgrammet er tilsendt til alle medlemmer af RSTF p\u00e5 mail, men kan findes p\u00e5 rstfnet.dk<br \/>\nBegr\u00e6nset antal. <\/p>\n<p style=\"color:red\"><strong>KURSET ER OVERTEGNET!<\/strong><\/p>\n<p>Sidste tilmelding er den 24. februar 2023.<\/p>\n","protected":false},"featured_media":706,"template":"","meta":[],"product_brand":[],"product_cat":[23],"product_tag":[],"class_list":{"0":"post-691","1":"product","2":"type-product","3":"status-publish","4":"has-post-thumbnail","6":"product_cat-ukategoriseret","8":"first","9":"outofstock","10":"shipping-taxable","11":"purchasable","12":"product-type-simple"},"_links":{"self":[{"href":"https:\/\/www.rstfnet.dk\/wp\/wp-json\/wp\/v2\/product\/691","targetHints":{"allow":["GET"]}}],"collection":[{"href":"https:\/\/www.rstfnet.dk\/wp\/wp-json\/wp\/v2\/product"}],"about":[{"href":"https:\/\/www.rstfnet.dk\/wp\/wp-json\/wp\/v2\/types\/product"}],"wp:featuredmedia":[{"embeddable":true,"href":"https:\/\/www.rstfnet.dk\/wp\/wp-json\/wp\/v2\/media\/706"}],"wp:attachment":[{"href":"https:\/\/www.rstfnet.dk\/wp\/wp-json\/wp\/v2\/media?parent=691"}],"wp:term":[{"taxonomy":"product_brand","embeddable":true,"href":"https:\/\/www.rstfnet.dk\/wp\/wp-json\/wp\/v2\/product_brand?post=691"},{"taxonomy":"product_cat","embeddable":true,"href":"https:\/\/www.rstfnet.dk\/wp\/wp-json\/wp\/v2\/product_cat?post=691"},{"taxonomy":"product_tag","embeddable":true,"href":"https:\/\/www.rstfnet.dk\/wp\/wp-json\/wp\/v2\/product_tag?post=691"}],"curies":[{"name":"wp","href":"https:\/\/api.w.org\/{rel}","templated":true}]}}